{"id":2709,"date":"2023-03-04T11:55:41","date_gmt":"2023-03-04T10:55:41","guid":{"rendered":"https:\/\/tdfcyber.fr\/rcyberara2023\/?page_id=2709"},"modified":"2025-04-23T12:50:21","modified_gmt":"2025-04-23T10:50:21","slug":"contact","status":"publish","type":"page","link":"https:\/\/tdfcyber.fr\/rcyberara2023\/contact\/","title":{"rendered":"contactez-nous"},"content":{"rendered":"<p><div class=\"fusion-fullwidth fullwidth-box fusion-builder-row-1 fusion-flex-container nonhundred-percent-fullwidth non-hundred-percent-height-scrolling\" style=\"--awb-border-radius-top-left:0px;--awb-border-radius-top-right:0px;--awb-border-radius-bottom-right:0px;--awb-border-radius-bottom-left:0px;--awb-padding-top:30px;--awb-flex-wrap:wrap;\" ><div class=\"fusion-builder-row fusion-row fusion-flex-align-items-flex-start fusion-flex-content-wrap\" style=\"max-width:1248px;margin-left: calc(-4% \/ 2 );margin-right: calc(-4% \/ 2 );\"><div class=\"fusion-layout-column fusion_builder_column fusion-builder-column-0 fusion_builder_column_1_1 1_1 fusion-flex-column\" style=\"--awb-bg-size:cover;--awb-width-large:100%;--awb-margin-top-large:0px;--awb-spacing-right-large:1.92%;--awb-margin-bottom-large:20px;--awb-spacing-left-large:1.92%;--awb-width-medium:100%;--awb-order-medium:0;--awb-spacing-right-medium:1.92%;--awb-spacing-left-medium:1.92%;--awb-width-small:100%;--awb-order-small:0;--awb-spacing-right-small:1.92%;--awb-spacing-left-small:1.92%;\"><div class=\"fusion-column-wrapper fusion-column-has-shadow fusion-flex-justify-content-flex-start fusion-content-layout-column\"><div class=\"fusion-title title fusion-title-1 fusion-sep-none fusion-title-center fusion-title-text fusion-title-size-four\" style=\"--awb-text-color:#d3144b;--awb-margin-bottom:30px;\"><h4 class=\"fusion-title-heading title-heading-center\" style=\"margin:0;\">Si vous souhaitez devenir partenaire, sponsor ou exposant des Rencontres de la Cybers\u00e9curit\u00e9 Auvergne-Rh\u00f4ne-Alpes, merci de nous contacter via le formulaire ci-dessous.<\/h4><\/div><div style=\"text-align:center;\"><a class=\"fusion-button button-flat fusion-button-default-size button-default fusion-button-default button-1 fusion-button-default-span fusion-button-default-type\" target=\"_blank\" rel=\"noopener noreferrer\" href=\"https:\/\/tdfcyber.fr\/auvergne-rhone-alpes\/contact-cybercercle-ara\/\"><span class=\"fusion-button-text awb-button__text awb-button__text--default\">Contact<\/span><\/a><\/div><\/div><\/div><\/div><\/div><div class=\"fusion-fullwidth fullwidth-box fusion-builder-row-2 fusion-flex-container fusion-parallax-none nonhundred-percent-fullwidth non-hundred-percent-height-scrolling\" style=\"--awb-background-position:right bottom;--awb-border-radius-top-left:0px;--awb-border-radius-top-right:0px;--awb-border-radius-bottom-right:0px;--awb-border-radius-bottom-left:0px;--awb-padding-top:30px;--awb-background-image:url(&quot;https:\/\/tdfcyber.fr\/rcybernormandie2020\/wp-content\/uploads\/sites\/5\/2020\/10\/CONNEXION-Fd-3.jpg&quot;);--awb-background-size:cover;--awb-flex-wrap:wrap;\" ><div class=\"fusion-builder-row fusion-row fusion-flex-align-items-flex-start fusion-flex-content-wrap\" style=\"max-width:1248px;margin-left: calc(-4% \/ 2 );margin-right: calc(-4% \/ 2 );\"><div class=\"fusion-layout-column fusion_builder_column fusion-builder-column-1 fusion_builder_column_1_1 1_1 fusion-flex-column\" style=\"--awb-bg-size:cover;--awb-width-large:100%;--awb-margin-top-large:0px;--awb-spacing-right-large:1.92%;--awb-margin-bottom-large:20px;--awb-spacing-left-large:1.92%;--awb-width-medium:100%;--awb-order-medium:0;--awb-spacing-right-medium:1.92%;--awb-spacing-left-medium:1.92%;--awb-width-small:100%;--awb-order-small:0;--awb-spacing-right-small:1.92%;--awb-spacing-left-small:1.92%;\"><div class=\"fusion-column-wrapper fusion-column-has-shadow fusion-flex-justify-content-flex-start fusion-content-layout-column\"><div class=\"fusion-text fusion-text-1\"><h5><strong><span style=\"color: #c91449;\">NOS PARTENAIRES<\/span><\/strong><\/h5>\n<p><strong><\/p>\n<\/div><div class=\"fusion-image-carousel fusion-image-carousel-fixed fusion-image-carousel-1\"><div class=\"awb-carousel awb-swiper awb-swiper-carousel awb-carousel--carousel awb-swiper-dots-position-bottom\" data-layout=\"carousel\" data-autoplay=\"yes\" data-autoplayspeed=\"2500\" data-autoplaypause=\"no\" data-columns=\"4\" data-columnsmedium=\"1\" data-columnssmall=\"1\" data-itemmargin=\"10\" data-itemwidth=\"180\" data-touchscroll=\"no\" data-freemode=\"no\" data-imagesize=\"fixed\" data-scrollitems=\"0\" data-centeredslides=\"no\" data-rotationangle=\"50\" data-depth=\"100\" data-speed=\"500\" data-shadow=\"no\" data-pagination=\"bullets\" style=\"--awb-columns:4;--awb-column-spacing:10px;--awb-dots-align:center;\"><div class=\"swiper-wrapper awb-image-carousel-wrapper fusion-flex-align-items-center\"><div class=\"swiper-slide\"><div class=\"fusion-carousel-item-wrapper\"><div class=\"fusion-image-wrapper hover-type-zoomin\"><img decoding=\"async\" width=\"250\" height=\"100\" src=\"https:\/\/tdfcyber.fr\/rcyberara2023\/wp-content\/uploads\/sites\/16\/2020\/11\/avant-de-clique-logo.gif\" class=\"attachment-blog-medium size-blog-medium\" alt=\"AVANT DE CLIQUER partenaire des RCyberARA\" \/><\/div><\/div><\/div><div class=\"swiper-slide\"><div class=\"fusion-carousel-item-wrapper\"><div class=\"fusion-image-wrapper hover-type-zoomin\"><img decoding=\"async\" width=\"250\" height=\"100\" src=\"https:\/\/tdfcyber.fr\/rcyberara2023\/wp-content\/uploads\/sites\/16\/2021\/09\/logo-bdt_small.png\" class=\"attachment-blog-medium size-blog-medium\" alt=\"La Banque des territoires partenaire des RCyberARA\" srcset=\"https:\/\/tdfcyber.fr\/rcyberara2023\/wp-content\/uploads\/sites\/16\/2021\/09\/logo-bdt_small-200x80.png 200w, https:\/\/tdfcyber.fr\/rcyberara2023\/wp-content\/uploads\/sites\/16\/2021\/09\/logo-bdt_small.png 250w\" sizes=\"(min-width: 2200px) 100vw, (min-width: 851px) 293px, (min-width: 781px) 390px, (min-width: 710px) 585px, (min-width: 640px) 710px, \" \/><\/div><\/div><\/div><div class=\"swiper-slide\"><div class=\"fusion-carousel-item-wrapper\"><div class=\"fusion-image-wrapper hover-type-zoomin\"><img decoding=\"async\" width=\"134\" height=\"134\" src=\"https:\/\/tdfcyber.fr\/rcyberara2023\/wp-content\/uploads\/sites\/16\/2023\/03\/logo_rootmepro.jpg\" class=\"attachment-blog-medium size-blog-medium\" alt=\"Root-Me Pro, partenaire des RCyberARA\" \/><\/div><\/div><\/div><div class=\"swiper-slide\"><div class=\"fusion-carousel-item-wrapper\"><div class=\"fusion-image-wrapper hover-type-zoomin\"><img decoding=\"async\" width=\"250\" height=\"100\" src=\"https:\/\/tdfcyber.fr\/rcyberara2023\/wp-content\/uploads\/sites\/16\/2020\/10\/CERTITUDE-NUMERIQUE.jpg\" class=\"attachment-blog-medium size-blog-medium\" alt=\"CERTITUDE NUMERIQUE partenaire des RCyberARA\" srcset=\"https:\/\/tdfcyber.fr\/rcyberara2023\/wp-content\/uploads\/sites\/16\/2020\/10\/CERTITUDE-NUMERIQUE-200x80.jpg 200w, https:\/\/tdfcyber.fr\/rcyberara2023\/wp-content\/uploads\/sites\/16\/2020\/10\/CERTITUDE-NUMERIQUE.jpg 250w\" sizes=\"(min-width: 2200px) 100vw, (min-width: 851px) 293px, (min-width: 781px) 390px, (min-width: 710px) 585px, (min-width: 640px) 710px, \" \/><\/div><\/div><\/div><div class=\"swiper-slide\"><div class=\"fusion-carousel-item-wrapper\"><div class=\"fusion-image-wrapper hover-type-zoomin\"><img decoding=\"async\" width=\"150\" height=\"150\" src=\"https:\/\/tdfcyber.fr\/rcyberara2023\/wp-content\/uploads\/sites\/16\/2023\/10\/ILERI.gif\" class=\"attachment-blog-medium size-blog-medium\" alt=\"Ileri partenaire des RCyberARA\" \/><\/div><\/div><\/div><div class=\"swiper-slide\"><div class=\"fusion-carousel-item-wrapper\"><div class=\"fusion-image-wrapper hover-type-zoomin\"><img decoding=\"async\" width=\"250\" height=\"100\" src=\"https:\/\/tdfcyber.fr\/rcyberara2023\/wp-content\/uploads\/sites\/16\/2023\/10\/WILD-CODE-SCHOOL-Logo.gif\" class=\"attachment-blog-medium size-blog-medium\" alt=\"Wild Code School partenaire des RCyberARA\" \/><\/div><\/div><\/div><div class=\"swiper-slide\"><div class=\"fusion-carousel-item-wrapper\"><div class=\"fusion-image-wrapper hover-type-zoomin\"><img decoding=\"async\" width=\"200\" height=\"200\" src=\"https:\/\/tdfcyber.fr\/rcyberara2023\/wp-content\/uploads\/sites\/16\/2022\/10\/Cabinet-SB-BD.gif\" class=\"attachment-blog-medium size-blog-medium\" alt=\"Cabinet SB et DB partenaire des RCyberARA\" \/><\/div><\/div><\/div><div class=\"swiper-slide\"><div class=\"fusion-carousel-item-wrapper\"><div class=\"fusion-image-wrapper hover-type-zoomin\"><img decoding=\"async\" width=\"250\" height=\"100\" src=\"https:\/\/tdfcyber.fr\/rcyberara2023\/wp-content\/uploads\/sites\/16\/2023\/03\/Logo_BlueFiles.png\" class=\"attachment-blog-medium size-blog-medium\" alt=\"BlueFiles partenaire des RCyberARA\" srcset=\"https:\/\/tdfcyber.fr\/rcyberara2023\/wp-content\/uploads\/sites\/16\/2023\/03\/Logo_BlueFiles-200x80.png 200w, https:\/\/tdfcyber.fr\/rcyberara2023\/wp-content\/uploads\/sites\/16\/2023\/03\/Logo_BlueFiles.png 250w\" sizes=\"(min-width: 2200px) 100vw, (min-width: 851px) 293px, (min-width: 781px) 390px, (min-width: 710px) 585px, (min-width: 640px) 710px, \" \/><\/div><\/div><\/div><div class=\"swiper-slide\"><div class=\"fusion-carousel-item-wrapper\"><div class=\"fusion-image-wrapper hover-type-zoomin\"><img decoding=\"async\" width=\"250\" height=\"100\" src=\"https:\/\/tdfcyber.fr\/rcyberara2023\/wp-content\/uploads\/sites\/16\/2020\/10\/CYBER-MALVEILLANCE.jpg\" class=\"attachment-blog-medium size-blog-medium\" alt=\"Cybermalveillance.gouv.fr partenaire des RCyberARA\" srcset=\"https:\/\/tdfcyber.fr\/rcyberara2023\/wp-content\/uploads\/sites\/16\/2020\/10\/CYBER-MALVEILLANCE-200x80.jpg 200w, https:\/\/tdfcyber.fr\/rcyberara2023\/wp-content\/uploads\/sites\/16\/2020\/10\/CYBER-MALVEILLANCE.jpg 250w\" sizes=\"(min-width: 2200px) 100vw, (min-width: 851px) 293px, (min-width: 781px) 390px, (min-width: 710px) 585px, (min-width: 640px) 710px, \" \/><\/div><\/div><\/div><div class=\"swiper-slide\"><div class=\"fusion-carousel-item-wrapper\"><div class=\"fusion-image-wrapper hover-type-zoomin\"><img decoding=\"async\" width=\"250\" height=\"100\" src=\"https:\/\/tdfcyber.fr\/rcyberara2023\/wp-content\/uploads\/sites\/16\/2023\/09\/CSB-SCHOOL-Logo.gif\" class=\"attachment-blog-medium size-blog-medium\" alt=\"CSB School partenaire des RCyberARA\" \/><\/div><\/div><\/div><div class=\"swiper-slide\"><div class=\"fusion-carousel-item-wrapper\"><div class=\"fusion-image-wrapper hover-type-zoomin\"><img decoding=\"async\" width=\"250\" height=\"100\" src=\"https:\/\/tdfcyber.fr\/rcyberara2023\/wp-content\/uploads\/sites\/16\/2023\/09\/Logo_Enedis.png\" class=\"attachment-blog-medium size-blog-medium\" alt=\"ENEDIS partenaire des RCyberARA\" srcset=\"https:\/\/tdfcyber.fr\/rcyberara2023\/wp-content\/uploads\/sites\/16\/2023\/09\/Logo_Enedis-200x80.png 200w, https:\/\/tdfcyber.fr\/rcyberara2023\/wp-content\/uploads\/sites\/16\/2023\/09\/Logo_Enedis.png 250w\" sizes=\"(min-width: 2200px) 100vw, (min-width: 851px) 293px, (min-width: 781px) 390px, (min-width: 710px) 585px, (min-width: 640px) 710px, \" \/><\/div><\/div><\/div><div class=\"swiper-slide\"><div class=\"fusion-carousel-item-wrapper\"><div class=\"fusion-image-wrapper hover-type-zoomin\"><img decoding=\"async\" width=\"250\" height=\"100\" src=\"https:\/\/tdfcyber.fr\/rcyberara2023\/wp-content\/uploads\/sites\/16\/2021\/09\/LE-GROUPE-LA-POSTE.gif\" class=\"attachment-blog-medium size-blog-medium\" alt=\"Le Groupe la Poste partenaire des RCyberARA\" \/><\/div><\/div><\/div><div class=\"swiper-slide\"><div class=\"fusion-carousel-item-wrapper\"><div class=\"fusion-image-wrapper hover-type-zoomin\"><img decoding=\"async\" width=\"250\" height=\"100\" src=\"https:\/\/tdfcyber.fr\/rcyberara2023\/wp-content\/uploads\/sites\/16\/2021\/09\/REGION-ARA.gif\" class=\"attachment-blog-medium size-blog-medium\" alt=\"La R\u00e9gion Auvergne-Rh\u00f4ne-Alpes partenaire des RCyberARA\" \/><\/div><\/div><\/div><div class=\"swiper-slide\"><div class=\"fusion-carousel-item-wrapper\"><div class=\"fusion-image-wrapper hover-type-zoomin\"><img decoding=\"async\" width=\"250\" height=\"100\" src=\"https:\/\/tdfcyber.fr\/rcyberara2023\/wp-content\/uploads\/sites\/16\/2022\/07\/ELYSIUM-Logo.jpg\" class=\"attachment-blog-medium size-blog-medium\" alt=\"Elysium-Security partenaire des RCyberARA\" srcset=\"https:\/\/tdfcyber.fr\/rcyberara2023\/wp-content\/uploads\/sites\/16\/2022\/07\/ELYSIUM-Logo-200x80.jpg 200w, https:\/\/tdfcyber.fr\/rcyberara2023\/wp-content\/uploads\/sites\/16\/2022\/07\/ELYSIUM-Logo.jpg 250w\" sizes=\"(min-width: 2200px) 100vw, (min-width: 851px) 293px, (min-width: 781px) 390px, (min-width: 710px) 585px, (min-width: 640px) 710px, \" \/><\/div><\/div><\/div><div class=\"swiper-slide\"><div class=\"fusion-carousel-item-wrapper\"><div class=\"fusion-image-wrapper hover-type-zoomin\"><img decoding=\"async\" width=\"162\" height=\"133\" src=\"https:\/\/tdfcyber.fr\/rcyberara2023\/wp-content\/uploads\/sites\/16\/2022\/07\/CEA-Logo.jpg\" class=\"attachment-blog-medium size-blog-medium\" alt=\"Le CEA partenaire des RCyberARA\" \/><\/div><\/div><\/div><div class=\"swiper-slide\"><div class=\"fusion-carousel-item-wrapper\"><div class=\"fusion-image-wrapper hover-type-zoomin\"><img decoding=\"async\" width=\"250\" height=\"100\" src=\"https:\/\/tdfcyber.fr\/rcyberara2023\/wp-content\/uploads\/sites\/16\/2022\/07\/Proofpoint-logo.gif\" class=\"attachment-blog-medium size-blog-medium\" alt=\"Proofpoint partenaire des RCyberARA\" \/><\/div><\/div><\/div><div class=\"swiper-slide\"><div class=\"fusion-carousel-item-wrapper\"><div class=\"fusion-image-wrapper hover-type-zoomin\"><img decoding=\"async\" width=\"250\" height=\"100\" src=\"https:\/\/tdfcyber.fr\/rcyberara2023\/wp-content\/uploads\/sites\/16\/2022\/09\/STORMSHIELD-Logo.jpg\" class=\"attachment-blog-medium size-blog-medium\" alt=\"STORMSHIELD partenaire des RCyberARA\" srcset=\"https:\/\/tdfcyber.fr\/rcyberara2023\/wp-content\/uploads\/sites\/16\/2022\/09\/STORMSHIELD-Logo-200x80.jpg 200w, https:\/\/tdfcyber.fr\/rcyberara2023\/wp-content\/uploads\/sites\/16\/2022\/09\/STORMSHIELD-Logo.jpg 250w\" sizes=\"(min-width: 2200px) 100vw, (min-width: 851px) 293px, (min-width: 781px) 390px, (min-width: 710px) 585px, (min-width: 640px) 710px, \" \/><\/div><\/div><\/div><div class=\"swiper-slide\"><div class=\"fusion-carousel-item-wrapper\"><div class=\"fusion-image-wrapper hover-type-zoomin\"><img decoding=\"async\" width=\"130\" height=\"110\" src=\"https:\/\/tdfcyber.fr\/rcyberara2023\/wp-content\/uploads\/sites\/16\/2023\/09\/GENDARMERIE-NATIONALE.gif\" class=\"attachment-blog-medium size-blog-medium\" alt=\"GENDARMERIE NATIONALE partenaire des RCyberARA\" \/><\/div><\/div><\/div><\/div><div class=\"awb-swiper-button awb-swiper-button-prev\"><i class=\"awb-icon-angle-left\" aria-hidden=\"true\"><\/i><\/div><div class=\"awb-swiper-button awb-swiper-button-next\"><i class=\"awb-icon-angle-right\" aria-hidden=\"true\"><\/i><\/div><\/div><\/div><div class=\"fusion-text fusion-text-2\"><p><\/strong><\/p>\n<h5><span style=\"color: #c91449;\"><strong>NOS SOUTIENS<\/strong><\/span><\/h5>\n<\/div><div class=\"fusion-image-carousel fusion-image-carousel-fixed fusion-image-carousel-2\"><div class=\"awb-carousel awb-swiper awb-swiper-carousel awb-carousel--carousel awb-swiper-dots-position-bottom\" data-layout=\"carousel\" data-autoplay=\"yes\" data-autoplayspeed=\"2500\" data-autoplaypause=\"no\" data-columns=\"4\" data-columnsmedium=\"1\" data-columnssmall=\"1\" data-itemmargin=\"10\" data-itemwidth=\"180\" data-touchscroll=\"no\" data-freemode=\"no\" data-imagesize=\"fixed\" data-scrollitems=\"0\" data-centeredslides=\"no\" data-rotationangle=\"50\" data-depth=\"100\" data-speed=\"500\" data-shadow=\"no\" data-pagination=\"bullets\" style=\"--awb-columns:4;--awb-column-spacing:10px;--awb-dots-align:center;\"><div class=\"swiper-wrapper awb-image-carousel-wrapper fusion-flex-align-items-center\"><div class=\"swiper-slide\"><div class=\"fusion-carousel-item-wrapper\"><div class=\"fusion-image-wrapper hover-type-zoomin\"><img decoding=\"async\" width=\"250\" height=\"100\" src=\"https:\/\/tdfcyber.fr\/rcyberara2023\/wp-content\/uploads\/sites\/16\/2020\/10\/ANPP.gif\" class=\"attachment-blog-medium size-blog-medium\" alt=\"L&#039;ANPP, soutien des RCyberARA\" \/><\/div><\/div><\/div><div class=\"swiper-slide\"><div class=\"fusion-carousel-item-wrapper\"><div class=\"fusion-image-wrapper hover-type-zoomin\"><img decoding=\"async\" width=\"250\" height=\"100\" src=\"https:\/\/tdfcyber.fr\/rcyberara2023\/wp-content\/uploads\/sites\/16\/2020\/10\/CESIN.gif\" class=\"attachment-blog-medium size-blog-medium\" alt=\"Le CESIN, soutien des RCyberARA\" \/><\/div><\/div><\/div><div class=\"swiper-slide\"><div class=\"fusion-carousel-item-wrapper\"><div class=\"fusion-image-wrapper hover-type-zoomin\"><img decoding=\"async\" width=\"130\" height=\"133\" src=\"https:\/\/tdfcyber.fr\/rcyberara2023\/wp-content\/uploads\/sites\/16\/2022\/09\/IHEDN-Lyon.gif\" class=\"attachment-blog-medium size-blog-medium\" alt=\"IHEDN Region lyonnaise, soutien des RCyberARA\" \/><\/div><\/div><\/div><div class=\"swiper-slide\"><div class=\"fusion-carousel-item-wrapper\"><div class=\"fusion-image-wrapper hover-type-zoomin\"><img decoding=\"async\" width=\"250\" height=\"100\" src=\"https:\/\/tdfcyber.fr\/rcyberara2023\/wp-content\/uploads\/sites\/16\/2023\/09\/Logo_jeunesihedn_small.png\" class=\"attachment-blog-medium size-blog-medium\" alt=\"Les jeunes de l&#039;IHEDN, soutien des RCyberARA\" srcset=\"https:\/\/tdfcyber.fr\/rcyberara2023\/wp-content\/uploads\/sites\/16\/2023\/09\/Logo_jeunesihedn_small-200x80.png 200w, https:\/\/tdfcyber.fr\/rcyberara2023\/wp-content\/uploads\/sites\/16\/2023\/09\/Logo_jeunesihedn_small.png 250w\" sizes=\"(min-width: 2200px) 100vw, (min-width: 851px) 293px, (min-width: 781px) 390px, (min-width: 710px) 585px, (min-width: 640px) 710px, \" \/><\/div><\/div><\/div><div class=\"swiper-slide\"><div class=\"fusion-carousel-item-wrapper\"><div class=\"fusion-image-wrapper hover-type-zoomin\"><img decoding=\"async\" width=\"130\" height=\"133\" src=\"https:\/\/tdfcyber.fr\/rcyberara2023\/wp-content\/uploads\/sites\/16\/2021\/09\/LDIGITAL.gif\" class=\"attachment-blog-medium size-blog-medium\" alt=\"la fondation LDIGITAL soutien des RCyberARA\" \/><\/div><\/div><\/div><div class=\"swiper-slide\"><div class=\"fusion-carousel-item-wrapper\"><div class=\"fusion-image-wrapper hover-type-zoomin\"><img decoding=\"async\" width=\"180\" height=\"180\" src=\"https:\/\/tdfcyber.fr\/rcyberara2023\/wp-content\/uploads\/sites\/16\/2023\/07\/COM-CYBER-Logo2.jpg\" class=\"attachment-blog-medium size-blog-medium\" alt=\"COMCYBER, soutien des RCyberARA\" \/><\/div><\/div><\/div><div class=\"swiper-slide\"><div class=\"fusion-carousel-item-wrapper\"><div class=\"fusion-image-wrapper hover-type-zoomin\"><img decoding=\"async\" width=\"250\" height=\"100\" src=\"https:\/\/tdfcyber.fr\/rcyberara2023\/wp-content\/uploads\/sites\/16\/2023\/10\/DNPJ-Logo.gif\" class=\"attachment-blog-medium size-blog-medium\" alt=\"La DNPJ, soutien des RCyberARA\" \/><\/div><\/div><\/div><div class=\"swiper-slide\"><div class=\"fusion-carousel-item-wrapper\"><div class=\"fusion-image-wrapper hover-type-zoomin\"><img decoding=\"async\" width=\"180\" height=\"180\" src=\"https:\/\/tdfcyber.fr\/rcyberara2023\/wp-content\/uploads\/sites\/16\/2023\/07\/DRSD-Logo2.jpg\" class=\"attachment-blog-medium size-blog-medium\" alt=\"DRSD, soutien des RCyberARA\" \/><\/div><\/div><\/div><div class=\"swiper-slide\"><div class=\"fusion-carousel-item-wrapper\"><div class=\"fusion-image-wrapper hover-type-zoomin\"><img decoding=\"async\" width=\"250\" height=\"100\" src=\"https:\/\/tdfcyber.fr\/rcyberara2023\/wp-content\/uploads\/sites\/16\/2023\/10\/RECYM-Logo.gif\" class=\"attachment-blog-medium size-blog-medium\" alt=\"RECYM, soutien des RCyberARA\" \/><\/div><\/div><\/div><\/div><div class=\"awb-swiper-button awb-swiper-button-prev\"><i class=\"awb-icon-angle-left\" aria-hidden=\"true\"><\/i><\/div><div class=\"awb-swiper-button awb-swiper-button-next\"><i class=\"awb-icon-angle-right\" aria-hidden=\"true\"><\/i><\/div><\/div><\/div><\/div><\/div><\/div><\/div>\n<\/p>\n","protected":false},"excerpt":{"rendered":"","protected":false},"author":1,"featured_media":0,"parent":0,"menu_order":0,"comment_status":"closed","ping_status":"closed","template":"100-width.php","meta":{"footnotes":""},"class_list":["post-2709","page","type-page","status-publish","hentry"],"yoast_head":"<!-- This site is optimized with the Yoast SEO plugin v26.6 - https:\/\/yoast.com\/wordpress\/plugins\/seo\/ -->\n<title>RCyberARA2023 - contactez-nous<\/title>\n<meta name=\"description\" content=\"Contactez-nous pour devenir partenaire, sponsor ou exposant des RCyberARA2023\" \/>\n<meta name=\"robots\" content=\"index, follow, max-snippet:-1, max-image-preview:large, max-video-preview:-1\" \/>\n<link rel=\"canonical\" href=\"https:\/\/tdfcyber.fr\/rcyberara2023\/contact\/\" \/>\n<meta property=\"og:locale\" content=\"fr_FR\" \/>\n<meta property=\"og:type\" content=\"article\" \/>\n<meta property=\"og:title\" content=\"RCyberARA2023 - contactez-nous\" \/>\n<meta property=\"og:description\" content=\"Contactez-nous pour devenir partenaire, sponsor ou exposant des RCyberARA2023\" \/>\n<meta property=\"og:url\" content=\"https:\/\/tdfcyber.fr\/rcyberara2023\/contact\/\" \/>\n<meta property=\"og:site_name\" content=\"RCyberARA2023\" \/>\n<meta property=\"article:modified_time\" content=\"2025-04-23T10:50:21+00:00\" \/>\n<meta name=\"twitter:card\" content=\"summary_large_image\" \/>\n<meta name=\"twitter:label1\" content=\"Dur\u00e9e de lecture estim\u00e9e\" \/>\n\t<meta name=\"twitter:data1\" content=\"6 minutes\" \/>\n<script type=\"application\/ld+json\" class=\"yoast-schema-graph\">{\"@context\":\"https:\/\/schema.org\",\"@graph\":[{\"@type\":\"WebPage\",\"@id\":\"https:\/\/tdfcyber.fr\/rcyberara2023\/contact\/\",\"url\":\"https:\/\/tdfcyber.fr\/rcyberara2023\/contact\/\",\"name\":\"RCyberARA2023 - contactez-nous\",\"isPartOf\":{\"@id\":\"https:\/\/tdfcyber.fr\/rcyberara2023\/#website\"},\"datePublished\":\"2023-03-04T10:55:41+00:00\",\"dateModified\":\"2025-04-23T10:50:21+00:00\",\"description\":\"Contactez-nous pour devenir partenaire, sponsor ou exposant des RCyberARA2023\",\"breadcrumb\":{\"@id\":\"https:\/\/tdfcyber.fr\/rcyberara2023\/contact\/#breadcrumb\"},\"inLanguage\":\"fr-FR\",\"potentialAction\":[{\"@type\":\"ReadAction\",\"target\":[\"https:\/\/tdfcyber.fr\/rcyberara2023\/contact\/\"]}]},{\"@type\":\"BreadcrumbList\",\"@id\":\"https:\/\/tdfcyber.fr\/rcyberara2023\/contact\/#breadcrumb\",\"itemListElement\":[{\"@type\":\"ListItem\",\"position\":1,\"name\":\"Accueil\",\"item\":\"https:\/\/tdfcyber.fr\/rcyberara2023\/\"},{\"@type\":\"ListItem\",\"position\":2,\"name\":\"contactez-nous\"}]},{\"@type\":\"WebSite\",\"@id\":\"https:\/\/tdfcyber.fr\/rcyberara2023\/#website\",\"url\":\"https:\/\/tdfcyber.fr\/rcyberara2023\/\",\"name\":\"RCyberARA2023\",\"description\":\"Rencontres de la Cybers\u00e9curit\u00e9 Auvergne-Rh\u00f4ne-Alpes 2023\",\"potentialAction\":[{\"@type\":\"SearchAction\",\"target\":{\"@type\":\"EntryPoint\",\"urlTemplate\":\"https:\/\/tdfcyber.fr\/rcyberara2023\/?s={search_term_string}\"},\"query-input\":{\"@type\":\"PropertyValueSpecification\",\"valueRequired\":true,\"valueName\":\"search_term_string\"}}],\"inLanguage\":\"fr-FR\"}]}<\/script>\n<!-- \/ Yoast SEO plugin. -->","yoast_head_json":{"title":"RCyberARA2023 - contactez-nous","description":"Contactez-nous pour devenir partenaire, sponsor ou exposant des RCyberARA2023","robots":{"index":"index","follow":"follow","max-snippet":"max-snippet:-1","max-image-preview":"max-image-preview:large","max-video-preview":"max-video-preview:-1"},"canonical":"https:\/\/tdfcyber.fr\/rcyberara2023\/contact\/","og_locale":"fr_FR","og_type":"article","og_title":"RCyberARA2023 - contactez-nous","og_description":"Contactez-nous pour devenir partenaire, sponsor ou exposant des RCyberARA2023","og_url":"https:\/\/tdfcyber.fr\/rcyberara2023\/contact\/","og_site_name":"RCyberARA2023","article_modified_time":"2025-04-23T10:50:21+00:00","twitter_card":"summary_large_image","twitter_misc":{"Dur\u00e9e de lecture estim\u00e9e":"6 minutes"},"schema":{"@context":"https:\/\/schema.org","@graph":[{"@type":"WebPage","@id":"https:\/\/tdfcyber.fr\/rcyberara2023\/contact\/","url":"https:\/\/tdfcyber.fr\/rcyberara2023\/contact\/","name":"RCyberARA2023 - contactez-nous","isPartOf":{"@id":"https:\/\/tdfcyber.fr\/rcyberara2023\/#website"},"datePublished":"2023-03-04T10:55:41+00:00","dateModified":"2025-04-23T10:50:21+00:00","description":"Contactez-nous pour devenir partenaire, sponsor ou exposant des RCyberARA2023","breadcrumb":{"@id":"https:\/\/tdfcyber.fr\/rcyberara2023\/contact\/#breadcrumb"},"inLanguage":"fr-FR","potentialAction":[{"@type":"ReadAction","target":["https:\/\/tdfcyber.fr\/rcyberara2023\/contact\/"]}]},{"@type":"BreadcrumbList","@id":"https:\/\/tdfcyber.fr\/rcyberara2023\/contact\/#breadcrumb","itemListElement":[{"@type":"ListItem","position":1,"name":"Accueil","item":"https:\/\/tdfcyber.fr\/rcyberara2023\/"},{"@type":"ListItem","position":2,"name":"contactez-nous"}]},{"@type":"WebSite","@id":"https:\/\/tdfcyber.fr\/rcyberara2023\/#website","url":"https:\/\/tdfcyber.fr\/rcyberara2023\/","name":"RCyberARA2023","description":"Rencontres de la Cybers\u00e9curit\u00e9 Auvergne-Rh\u00f4ne-Alpes 2023","potentialAction":[{"@type":"SearchAction","target":{"@type":"EntryPoint","urlTemplate":"https:\/\/tdfcyber.fr\/rcyberara2023\/?s={search_term_string}"},"query-input":{"@type":"PropertyValueSpecification","valueRequired":true,"valueName":"search_term_string"}}],"inLanguage":"fr-FR"}]}},"_links":{"self":[{"href":"https:\/\/tdfcyber.fr\/rcyberara2023\/wp-json\/wp\/v2\/pages\/2709","targetHints":{"allow":["GET"]}}],"collection":[{"href":"https:\/\/tdfcyber.fr\/rcyberara2023\/wp-json\/wp\/v2\/pages"}],"about":[{"href":"https:\/\/tdfcyber.fr\/rcyberara2023\/wp-json\/wp\/v2\/types\/page"}],"author":[{"embeddable":true,"href":"https:\/\/tdfcyber.fr\/rcyberara2023\/wp-json\/wp\/v2\/users\/1"}],"replies":[{"embeddable":true,"href":"https:\/\/tdfcyber.fr\/rcyberara2023\/wp-json\/wp\/v2\/comments?post=2709"}],"version-history":[{"count":4,"href":"https:\/\/tdfcyber.fr\/rcyberara2023\/wp-json\/wp\/v2\/pages\/2709\/revisions"}],"predecessor-version":[{"id":3608,"href":"https:\/\/tdfcyber.fr\/rcyberara2023\/wp-json\/wp\/v2\/pages\/2709\/revisions\/3608"}],"wp:attachment":[{"href":"https:\/\/tdfcyber.fr\/rcyberara2023\/wp-json\/wp\/v2\/media?parent=2709"}],"curies":[{"name":"wp","href":"https:\/\/api.w.org\/{rel}","templated":true}]}}