{"id":3964,"date":"2026-01-16T16:58:51","date_gmt":"2026-01-16T15:58:51","guid":{"rendered":"https:\/\/tdfcyber.fr\/pays-de-la-loire\/?page_id=3964"},"modified":"2026-03-13T11:19:54","modified_gmt":"2026-03-13T10:19:54","slug":"devenez-partenaire-cybercercle-pays-de-la-loire","status":"publish","type":"page","link":"https:\/\/tdfcyber.fr\/pays-de-la-loire\/devenez-partenaire-cybercercle-pays-de-la-loire\/","title":{"rendered":"Devenez partenaire"},"content":{"rendered":"<p><div class=\"fusion-fullwidth fullwidth-box fusion-builder-row-1 fusion-flex-container has-pattern-background has-mask-background nonhundred-percent-fullwidth non-hundred-percent-height-scrolling\" style=\"--link_hover_color: #ffffff;--link_color: #ffffff;--awb-border-radius-top-left:0px;--awb-border-radius-top-right:0px;--awb-border-radius-bottom-right:0px;--awb-border-radius-bottom-left:0px;--awb-padding-top:30px;--awb-padding-bottom:20px;--awb-margin-top:2px;--awb-flex-wrap:wrap;\" ><div class=\"fusion-builder-row fusion-row fusion-flex-align-items-flex-start fusion-flex-content-wrap\" style=\"max-width:1248px;margin-left: calc(-4% \/ 2 );margin-right: calc(-4% \/ 2 );\"><div class=\"fusion-layout-column fusion_builder_column fusion-builder-column-0 fusion_builder_column_1_1 1_1 fusion-flex-column\" style=\"--awb-bg-size:cover;--awb-width-large:100%;--awb-margin-top-large:0px;--awb-spacing-right-large:1.92%;--awb-margin-bottom-large:20px;--awb-spacing-left-large:1.92%;--awb-width-medium:100%;--awb-order-medium:0;--awb-spacing-right-medium:1.92%;--awb-spacing-left-medium:1.92%;--awb-width-small:100%;--awb-order-small:0;--awb-spacing-right-small:1.92%;--awb-spacing-left-small:1.92%;\"><div class=\"fusion-column-wrapper fusion-column-has-shadow fusion-flex-justify-content-flex-start fusion-content-layout-column\"><div class=\"fusion-title title fusion-title-1 fusion-sep-none fusion-title-text fusion-title-size-three\" style=\"--awb-text-color:var(--awb-custom11);\"><h3 class=\"fusion-title-heading title-heading-left\" style=\"margin:0;\">Devenir partenaire du CyberCercle Pays de la Loire, c\u2019est :<\/h3><\/div><ul style=\"--awb-line-height:27.2px;--awb-icon-width:27.2px;--awb-icon-height:27.2px;--awb-icon-margin:11.2px;--awb-content-margin:38.4px;\" class=\"fusion-checklist fusion-checklist-1 fusion-checklist-default type-icons\"><li class=\"fusion-li-item\" style=\"\"><span class=\"icon-wrapper circle-no\"><i class=\"fusion-li-icon fa-angle-double-right fas\" aria-hidden=\"true\"><\/i><\/span><div class=\"fusion-li-item-content\">\n<p>Renforcer votre visibilit\u00e9 et votre notori\u00e9t\u00e9 aupr\u00e8s des \u00e9cosyst\u00e8mes \u00e9conomiques et institutionnels de la s\u00e9curit\u00e9 num\u00e9rique lig\u00e9riens<\/p>\n<\/div><\/li><li class=\"fusion-li-item\" style=\"\"><span class=\"icon-wrapper circle-no\"><i class=\"fusion-li-icon fa-angle-double-right fas\" aria-hidden=\"true\"><\/i><\/span><div class=\"fusion-li-item-content\">\n<p>D\u00e9velopper votre r\u00e9seau aupr\u00e8s de d\u00e9cideurs publics et priv\u00e9s qualifi\u00e9s<\/p>\n<\/div><\/li><li class=\"fusion-li-item\" style=\"\"><span class=\"icon-wrapper circle-no\"><i class=\"fusion-li-icon fa-angle-double-right fas\" aria-hidden=\"true\"><\/i><\/span><div class=\"fusion-li-item-content\">\n<p>Valoriser votre expertise, diffuser votre vision et vos probl\u00e9matiques aupr\u00e8s d\u2019acteurs du territoire<\/p>\n<\/div><\/li><li class=\"fusion-li-item\" style=\"\"><span class=\"icon-wrapper circle-no\"><i class=\"fusion-li-icon fa-angle-double-right fas\" aria-hidden=\"true\"><\/i><\/span><div class=\"fusion-li-item-content\">\n<p>Appartenir \u00e0 une cadres de confiance p\u00e9rennes au service des \u00e9cosyst\u00e8mes locaux pour \u00e9changer et travailler ensemble<\/p>\n<\/div><\/li><\/ul><\/div><\/div><\/div><\/div><div class=\"fusion-fullwidth fullwidth-box fusion-builder-row-2 fusion-flex-container has-pattern-background has-mask-background nonhundred-percent-fullwidth non-hundred-percent-height-scrolling\" style=\"--link_hover_color: #ffffff;--link_color: #ffffff;--awb-border-radius-top-left:0px;--awb-border-radius-top-right:0px;--awb-border-radius-bottom-right:0px;--awb-border-radius-bottom-left:0px;--awb-padding-top:30px;--awb-padding-bottom:20px;--awb-margin-top:2px;--awb-flex-wrap:wrap;\" ><div class=\"fusion-builder-row fusion-row fusion-flex-align-items-flex-start fusion-flex-content-wrap\" style=\"max-width:1248px;margin-left: calc(-4% \/ 2 );margin-right: calc(-4% \/ 2 );\"><div class=\"fusion-layout-column fusion_builder_column fusion-builder-column-1 fusion_builder_column_1_1 1_1 fusion-flex-column\" style=\"--awb-bg-size:cover;--awb-width-large:100%;--awb-margin-top-large:0px;--awb-spacing-right-large:1.92%;--awb-margin-bottom-large:20px;--awb-spacing-left-large:1.92%;--awb-width-medium:100%;--awb-order-medium:0;--awb-spacing-right-medium:1.92%;--awb-spacing-left-medium:1.92%;--awb-width-small:100%;--awb-order-small:0;--awb-spacing-right-small:1.92%;--awb-spacing-left-small:1.92%;\"><div class=\"fusion-column-wrapper fusion-column-has-shadow fusion-flex-justify-content-flex-start fusion-content-layout-column\"><div class=\"fusion-title title fusion-title-2 fusion-sep-none fusion-title-text fusion-title-size-three\" style=\"--awb-text-color:var(--awb-custom11);\"><h3 class=\"fusion-title-heading title-heading-left\" style=\"margin:0;\">A travers des actions compl\u00e9mentaires :<\/h3><\/div><ul style=\"--awb-line-height:27.2px;--awb-icon-width:27.2px;--awb-icon-height:27.2px;--awb-icon-margin:11.2px;--awb-content-margin:38.4px;\" class=\"fusion-checklist fusion-checklist-2 fusion-checklist-default type-icons\"><li class=\"fusion-li-item\" style=\"\"><span class=\"icon-wrapper circle-no\"><i class=\"fusion-li-icon fa-angle-double-right fas\" aria-hidden=\"true\"><\/i><\/span><div class=\"fusion-li-item-content\">\n<p>la participation \u00e0 un cycle de Matin\u00e9es Cyber trimestrielles<\/p>\n<\/div><\/li><li class=\"fusion-li-item\" style=\"\"><span class=\"icon-wrapper circle-no\"><i class=\"fusion-li-icon fa-angle-double-right fas\" aria-hidden=\"true\"><\/i><\/span><div class=\"fusion-li-item-content\">\n<p>la valorisation \u00e0 travers un package communication<\/p>\n<\/div><\/li><\/ul><\/div><\/div><\/div><\/div><div class=\"fusion-fullwidth fullwidth-box fusion-builder-row-3 fusion-flex-container has-pattern-background has-mask-background nonhundred-percent-fullwidth non-hundred-percent-height-scrolling\" style=\"--awb-border-radius-top-left:0px;--awb-border-radius-top-right:0px;--awb-border-radius-bottom-right:0px;--awb-border-radius-bottom-left:0px;--awb-padding-top:30px;--awb-padding-bottom:10px;--awb-background-color:var(--awb-color6);--awb-flex-wrap:wrap;\" ><div class=\"fusion-builder-row fusion-row fusion-flex-align-items-center fusion-flex-justify-content-center fusion-flex-content-wrap\" style=\"max-width:1248px;margin-left: calc(-4% \/ 2 );margin-right: calc(-4% \/ 2 );\"><div class=\"fusion-layout-column fusion_builder_column fusion-builder-column-2 fusion_builder_column_1_1 1_1 fusion-flex-column\" style=\"--awb-bg-size:cover;--awb-width-large:100%;--awb-margin-top-large:0px;--awb-spacing-right-large:1.92%;--awb-margin-bottom-large:20px;--awb-spacing-left-large:1.92%;--awb-width-medium:100%;--awb-order-medium:0;--awb-spacing-right-medium:1.92%;--awb-spacing-left-medium:1.92%;--awb-width-small:100%;--awb-order-small:0;--awb-spacing-right-small:1.92%;--awb-spacing-left-small:1.92%;\"><div class=\"fusion-column-wrapper fusion-column-has-shadow fusion-flex-justify-content-flex-start fusion-content-layout-column\"><div class=\"fusion-title title fusion-title-3 fusion-sep-none fusion-title-center fusion-title-text fusion-title-size-three\" style=\"--awb-text-color:var(--awb-color1);--awb-font-size:20px;\"><h3 class=\"fusion-title-heading title-heading-center\" style=\"font-family:&quot;Montserrat&quot;;font-style:normal;font-weight:500;margin:0;font-size:1em;\"><p>Collectivit\u00e9s, \u00e9tablissements publics, associations d\u2019\u00e9lus du territoire lig\u00e9rien, repr\u00e9sentants de l\u2019Etat\u2026<br \/>\nvous souhaitez vous informer et \u00e9changer sur la cybers\u00e9curit\u00e9 dans un cadre de confiance ?<br \/>\nLe CyberCercle Pays de la Loire est fait pour vous.<\/p><\/h3><\/div><div style=\"text-align:center;\"><a class=\"fusion-button button-flat fusion-button-default-size button-custom fusion-button-default button-1 fusion-button-default-span fusion-button-default-type\" style=\"--button_accent_color:var(--awb-color6);--button_accent_hover_color:var(--awb-custom11);--button_border_hover_color:#ffffff;--button_gradient_top_color:var(--awb-color1);--button_gradient_bottom_color:var(--awb-color1);--button_gradient_top_color_hover:var(--awb-custom13);--button_gradient_bottom_color_hover:var(--awb-custom13);\" target=\"_blank\" rel=\"noopener noreferrer\" href=\"https:\/\/tdfcyber.fr\/pays-de-la-loire\/contact\/\"><span class=\"fusion-button-text awb-button__text awb-button__text--default\">Contactez-nous<\/span><\/a><\/div><\/div><\/div><\/div><\/div>\n<div class=\"fusion-fullwidth fullwidth-box fusion-builder-row-4 fusion-flex-container has-pattern-background has-mask-background fusion-parallax-none nonhundred-percent-fullwidth non-hundred-percent-height-scrolling\" style=\"--awb-background-position:left bottom;--awb-border-radius-top-left:0px;--awb-border-radius-top-right:0px;--awb-border-radius-bottom-right:0px;--awb-border-radius-bottom-left:0px;--awb-padding-top:30px;--awb-margin-bottom:0px;--awb-background-image:url(&quot;https:\/\/tdfcyber.fr\/rcybernormandie2020\/wp-content\/uploads\/sites\/5\/2020\/10\/CONNEXION-Fd-3.jpg&quot;);--awb-background-size:cover;--awb-flex-wrap:wrap;\" ><div class=\"fusion-builder-row fusion-row fusion-flex-align-items-flex-start fusion-flex-content-wrap\" style=\"max-width:1248px;margin-left: calc(-4% \/ 2 );margin-right: calc(-4% \/ 2 );\"><div class=\"fusion-layout-column fusion_builder_column fusion-builder-column-3 fusion_builder_column_1_1 1_1 fusion-flex-column\" style=\"--awb-bg-size:cover;--awb-width-large:100%;--awb-margin-top-large:0px;--awb-spacing-right-large:1.92%;--awb-margin-bottom-large:20px;--awb-spacing-left-large:1.92%;--awb-width-medium:100%;--awb-order-medium:0;--awb-spacing-right-medium:1.92%;--awb-spacing-left-medium:1.92%;--awb-width-small:100%;--awb-order-small:0;--awb-spacing-right-small:1.92%;--awb-spacing-left-small:1.92%;\"><div class=\"fusion-column-wrapper fusion-column-has-shadow fusion-flex-justify-content-flex-start fusion-content-layout-column\"><div class=\"fusion-title title fusion-title-4 fusion-title-text fusion-title-size-three\" style=\"--awb-font-size:20px;\"><div class=\"title-sep-container title-sep-container-left fusion-no-large-visibility fusion-no-medium-visibility fusion-no-small-visibility\"><div class=\"title-sep sep-single sep-solid\" style=\"border-color:#0b3e75;\"><\/div><\/div><span class=\"awb-title-spacer fusion-no-large-visibility fusion-no-medium-visibility fusion-no-small-visibility\"><\/span><h3 class=\"fusion-title-heading title-heading-left\" style=\"margin:0;font-size:1em;\"><span style=\"color: #333399;\">NOS PARTENAIRES 2026<\/span><\/h3><span class=\"awb-title-spacer\"><\/span><div class=\"title-sep-container title-sep-container-right\"><div class=\"title-sep sep-single sep-solid\" style=\"border-color:#0b3e75;\"><\/div><\/div><\/div><div class=\"fusion-image-carousel fusion-image-carousel-fixed fusion-image-carousel-1\"><div class=\"awb-carousel awb-swiper awb-swiper-carousel awb-carousel--carousel awb-swiper-dots-position-bottom\" data-layout=\"carousel\" data-autoplay=\"yes\" data-autoplayspeed=\"2500\" data-autoplaypause=\"no\" data-columns=\"4\" data-columnsmedium=\"1\" data-columnssmall=\"1\" data-itemmargin=\"10\" data-itemwidth=\"180\" data-touchscroll=\"no\" data-freemode=\"no\" data-imagesize=\"fixed\" data-scrollitems=\"0\" data-centeredslides=\"no\" data-rotationangle=\"50\" data-depth=\"100\" data-speed=\"500\" data-shadow=\"no\" data-pagination=\"bullets\" style=\"--awb-columns:4;--awb-column-spacing:10px;--awb-dots-align:center;\"><div class=\"swiper-wrapper awb-image-carousel-wrapper fusion-flex-align-items-center\"><div class=\"swiper-slide\"><div class=\"fusion-carousel-item-wrapper\"><div class=\"fusion-image-wrapper hover-type-zoomin\"><a href=\"https:\/\/tdfcyber.fr\/groupe-la-poste\/\" target=\"_blank\" rel=\"noopener noreferrer\"><img decoding=\"async\" width=\"250\" height=\"101\" src=\"https:\/\/tdfcyber.fr\/pays-de-la-loire\/wp-content\/uploads\/sites\/20\/2024\/09\/Logo_LaPoste.jpg\" class=\"attachment-blog-medium size-blog-medium\" alt=\"Le Groupe la Poste\" srcset=\"https:\/\/tdfcyber.fr\/pays-de-la-loire\/wp-content\/uploads\/sites\/20\/2024\/09\/Logo_LaPoste-200x81.jpg 200w, https:\/\/tdfcyber.fr\/pays-de-la-loire\/wp-content\/uploads\/sites\/20\/2024\/09\/Logo_LaPoste.jpg 250w\" sizes=\"(min-width: 2200px) 100vw, (min-width: 851px) 293px, (min-width: 781px) 390px, (min-width: 710px) 585px, (min-width: 640px) 710px, \" \/><\/a><\/div><\/div><\/div><div class=\"swiper-slide\"><div class=\"fusion-carousel-item-wrapper\"><div class=\"fusion-image-wrapper hover-type-zoomin\"><a href=\"https:\/\/tdfcyber.fr\/bluefiles\/\" target=\"_blank\" rel=\"noopener noreferrer\"><img decoding=\"async\" width=\"250\" height=\"100\" src=\"https:\/\/tdfcyber.fr\/pays-de-la-loire\/wp-content\/uploads\/sites\/20\/2023\/02\/Logo_BlueFiles.png\" class=\"attachment-blog-medium size-blog-medium\" alt=\"BlueFiles\" srcset=\"https:\/\/tdfcyber.fr\/pays-de-la-loire\/wp-content\/uploads\/sites\/20\/2023\/02\/Logo_BlueFiles-200x80.png 200w, https:\/\/tdfcyber.fr\/pays-de-la-loire\/wp-content\/uploads\/sites\/20\/2023\/02\/Logo_BlueFiles.png 250w\" sizes=\"(min-width: 2200px) 100vw, (min-width: 851px) 293px, (min-width: 781px) 390px, (min-width: 710px) 585px, (min-width: 640px) 710px, \" \/><\/a><\/div><\/div><\/div><div class=\"swiper-slide\"><div class=\"fusion-carousel-item-wrapper\"><div class=\"fusion-image-wrapper hover-type-zoomin\"><a href=\"https:\/\/tdfcyber.fr\/enedis\/\" target=\"_blank\" rel=\"noopener noreferrer\"><img decoding=\"async\" width=\"250\" height=\"100\" src=\"https:\/\/tdfcyber.fr\/pays-de-la-loire\/wp-content\/uploads\/sites\/20\/2024\/09\/Logo_ENEDIS-1.jpg\" class=\"attachment-blog-medium size-blog-medium\" alt=\"Enedis\" srcset=\"https:\/\/tdfcyber.fr\/pays-de-la-loire\/wp-content\/uploads\/sites\/20\/2024\/09\/Logo_ENEDIS-1-200x80.jpg 200w, https:\/\/tdfcyber.fr\/pays-de-la-loire\/wp-content\/uploads\/sites\/20\/2024\/09\/Logo_ENEDIS-1.jpg 250w\" sizes=\"(min-width: 2200px) 100vw, (min-width: 851px) 293px, (min-width: 781px) 390px, (min-width: 710px) 585px, (min-width: 640px) 710px, \" \/><\/a><\/div><\/div><\/div><div class=\"swiper-slide\"><div class=\"fusion-carousel-item-wrapper\"><div class=\"fusion-image-wrapper hover-type-zoomin\"><a href=\"https:\/\/tdfcyber.fr\/certitude-numerique\/\" target=\"_blank\" rel=\"noopener noreferrer\"><img decoding=\"async\" width=\"250\" height=\"100\" src=\"https:\/\/tdfcyber.fr\/pays-de-la-loire\/wp-content\/uploads\/sites\/20\/2020\/10\/CERTITUDE-NUMERIQUE.jpg\" class=\"attachment-blog-medium size-blog-medium\" alt=\"CERTITUDE NUMERIQUE\" srcset=\"https:\/\/tdfcyber.fr\/pays-de-la-loire\/wp-content\/uploads\/sites\/20\/2020\/10\/CERTITUDE-NUMERIQUE-200x80.jpg 200w, https:\/\/tdfcyber.fr\/pays-de-la-loire\/wp-content\/uploads\/sites\/20\/2020\/10\/CERTITUDE-NUMERIQUE.jpg 250w\" sizes=\"(min-width: 2200px) 100vw, (min-width: 851px) 293px, (min-width: 781px) 390px, (min-width: 710px) 585px, (min-width: 640px) 710px, \" \/><\/a><\/div><\/div><\/div><div class=\"swiper-slide\"><div class=\"fusion-carousel-item-wrapper\"><div class=\"fusion-image-wrapper hover-type-zoomin\"><a href=\"https:\/\/tdfcyber.fr\/anpp\/\" target=\"_blank\" rel=\"noopener noreferrer\"><img decoding=\"async\" width=\"250\" height=\"100\" src=\"https:\/\/tdfcyber.fr\/pays-de-la-loire\/wp-content\/uploads\/sites\/20\/2025\/09\/ANPP-Logo.jpg\" class=\"attachment-blog-medium size-blog-medium\" alt=\"ANPP\" srcset=\"https:\/\/tdfcyber.fr\/pays-de-la-loire\/wp-content\/uploads\/sites\/20\/2025\/09\/ANPP-Logo-200x80.jpg 200w, https:\/\/tdfcyber.fr\/pays-de-la-loire\/wp-content\/uploads\/sites\/20\/2025\/09\/ANPP-Logo.jpg 250w\" sizes=\"(min-width: 2200px) 100vw, (min-width: 851px) 293px, (min-width: 781px) 390px, (min-width: 710px) 585px, (min-width: 640px) 710px, \" \/><\/a><\/div><\/div><\/div><div class=\"swiper-slide\"><div class=\"fusion-carousel-item-wrapper\"><div class=\"fusion-image-wrapper hover-type-zoomin\"><a href=\" https:\/\/www.protection-civile.org\/\" target=\"_blank\" rel=\"noopener noreferrer\"><img decoding=\"async\" width=\"250\" height=\"100\" src=\"https:\/\/tdfcyber.fr\/pays-de-la-loire\/wp-content\/uploads\/sites\/20\/2026\/01\/Logo_Protection_civile.jpg\" class=\"attachment-blog-medium size-blog-medium\" alt=\"PROTECTION CIVILE\" srcset=\"https:\/\/tdfcyber.fr\/pays-de-la-loire\/wp-content\/uploads\/sites\/20\/2026\/01\/Logo_Protection_civile-200x80.jpg 200w, https:\/\/tdfcyber.fr\/pays-de-la-loire\/wp-content\/uploads\/sites\/20\/2026\/01\/Logo_Protection_civile.jpg 250w\" sizes=\"(min-width: 2200px) 100vw, (min-width: 851px) 293px, (min-width: 781px) 390px, (min-width: 710px) 585px, (min-width: 640px) 710px, \" \/><\/a><\/div><\/div><\/div><div class=\"swiper-slide\"><div class=\"fusion-carousel-item-wrapper\"><div class=\"fusion-image-wrapper hover-type-zoomin\"><a href=\"https:\/\/tdfcyber.fr\/hucency\/\" target=\"_blank\" rel=\"noopener noreferrer\"><img decoding=\"async\" width=\"250\" height=\"91\" src=\"https:\/\/tdfcyber.fr\/pays-de-la-loire\/wp-content\/uploads\/sites\/20\/2025\/09\/HUCENCY_250_100.jpg\" class=\"attachment-blog-medium size-blog-medium\" alt=\"HUCENCY\" srcset=\"https:\/\/tdfcyber.fr\/pays-de-la-loire\/wp-content\/uploads\/sites\/20\/2025\/09\/HUCENCY_250_100-200x73.jpg 200w, https:\/\/tdfcyber.fr\/pays-de-la-loire\/wp-content\/uploads\/sites\/20\/2025\/09\/HUCENCY_250_100.jpg 250w\" sizes=\"(min-width: 2200px) 100vw, (min-width: 851px) 293px, (min-width: 781px) 390px, (min-width: 710px) 585px, (min-width: 640px) 710px, \" \/><\/a><\/div><\/div><\/div><\/div><div class=\"awb-swiper-button awb-swiper-button-prev\"><i class=\"awb-icon-angle-left\" aria-hidden=\"true\"><\/i><\/div><div class=\"awb-swiper-button awb-swiper-button-next\"><i class=\"awb-icon-angle-right\" aria-hidden=\"true\"><\/i><\/div><\/div><\/div><\/div><\/div><\/div><\/div>\n<\/p>\n","protected":false},"excerpt":{"rendered":"","protected":false},"author":2,"featured_media":0,"parent":0,"menu_order":0,"comment_status":"closed","ping_status":"closed","template":"100-width.php","meta":{"footnotes":""},"class_list":["post-3964","page","type-page","status-publish","hentry"],"yoast_head":"<!-- This site is optimized with the Yoast SEO plugin v26.6 - https:\/\/yoast.com\/wordpress\/plugins\/seo\/ -->\n<title>Devenez partenaire du CyberCercle Pays de la Loire<\/title>\n<meta name=\"description\" content=\"Devenir partenaire du CyberCercle Pays de la Loire pour rejoindre un cadre de confiance et d&#039;expertise unique sur la cyber\" \/>\n<meta name=\"robots\" content=\"index, follow, max-snippet:-1, max-image-preview:large, max-video-preview:-1\" \/>\n<link rel=\"canonical\" href=\"https:\/\/tdfcyber.fr\/pays-de-la-loire\/devenez-partenaire-cybercercle-pays-de-la-loire\/\" \/>\n<meta property=\"og:locale\" content=\"fr_FR\" \/>\n<meta property=\"og:type\" content=\"article\" \/>\n<meta property=\"og:title\" content=\"Devenez partenaire du CyberCercle Pays de la Loire\" \/>\n<meta property=\"og:description\" content=\"Devenir partenaire du CyberCercle Pays de la Loire pour rejoindre un cadre de confiance et d&#039;expertise unique sur la cyber\" \/>\n<meta property=\"og:url\" content=\"https:\/\/tdfcyber.fr\/pays-de-la-loire\/devenez-partenaire-cybercercle-pays-de-la-loire\/\" \/>\n<meta property=\"og:site_name\" content=\"CyberCercle Pays de la Loire\" \/>\n<meta property=\"article:modified_time\" content=\"2026-03-13T10:19:54+00:00\" \/>\n<meta name=\"twitter:card\" content=\"summary_large_image\" \/>\n<meta name=\"twitter:label1\" content=\"Dur\u00e9e de lecture estim\u00e9e\" \/>\n\t<meta name=\"twitter:data1\" content=\"3 minutes\" \/>\n<script type=\"application\/ld+json\" class=\"yoast-schema-graph\">{\"@context\":\"https:\/\/schema.org\",\"@graph\":[{\"@type\":\"WebPage\",\"@id\":\"https:\/\/tdfcyber.fr\/pays-de-la-loire\/devenez-partenaire-cybercercle-pays-de-la-loire\/\",\"url\":\"https:\/\/tdfcyber.fr\/pays-de-la-loire\/devenez-partenaire-cybercercle-pays-de-la-loire\/\",\"name\":\"Devenez partenaire du CyberCercle Pays de la Loire\",\"isPartOf\":{\"@id\":\"https:\/\/tdfcyber.fr\/pays-de-la-loire\/#website\"},\"datePublished\":\"2026-01-16T15:58:51+00:00\",\"dateModified\":\"2026-03-13T10:19:54+00:00\",\"description\":\"Devenir partenaire du CyberCercle Pays de la Loire pour rejoindre un cadre de confiance et d'expertise unique sur la cyber\",\"breadcrumb\":{\"@id\":\"https:\/\/tdfcyber.fr\/pays-de-la-loire\/devenez-partenaire-cybercercle-pays-de-la-loire\/#breadcrumb\"},\"inLanguage\":\"fr-FR\",\"potentialAction\":[{\"@type\":\"ReadAction\",\"target\":[\"https:\/\/tdfcyber.fr\/pays-de-la-loire\/devenez-partenaire-cybercercle-pays-de-la-loire\/\"]}]},{\"@type\":\"BreadcrumbList\",\"@id\":\"https:\/\/tdfcyber.fr\/pays-de-la-loire\/devenez-partenaire-cybercercle-pays-de-la-loire\/#breadcrumb\",\"itemListElement\":[{\"@type\":\"ListItem\",\"position\":1,\"name\":\"Accueil\",\"item\":\"https:\/\/tdfcyber.fr\/pays-de-la-loire\/\"},{\"@type\":\"ListItem\",\"position\":2,\"name\":\"Devenez partenaire\"}]},{\"@type\":\"WebSite\",\"@id\":\"https:\/\/tdfcyber.fr\/pays-de-la-loire\/#website\",\"url\":\"https:\/\/tdfcyber.fr\/pays-de-la-loire\/\",\"name\":\"CyberCercle Pays de la Loire\",\"description\":\"CyberCercle Pays de la Loire\",\"potentialAction\":[{\"@type\":\"SearchAction\",\"target\":{\"@type\":\"EntryPoint\",\"urlTemplate\":\"https:\/\/tdfcyber.fr\/pays-de-la-loire\/?s={search_term_string}\"},\"query-input\":{\"@type\":\"PropertyValueSpecification\",\"valueRequired\":true,\"valueName\":\"search_term_string\"}}],\"inLanguage\":\"fr-FR\"}]}<\/script>\n<!-- \/ Yoast SEO plugin. -->","yoast_head_json":{"title":"Devenez partenaire du CyberCercle Pays de la Loire","description":"Devenir partenaire du CyberCercle Pays de la Loire pour rejoindre un cadre de confiance et d'expertise unique sur la cyber","robots":{"index":"index","follow":"follow","max-snippet":"max-snippet:-1","max-image-preview":"max-image-preview:large","max-video-preview":"max-video-preview:-1"},"canonical":"https:\/\/tdfcyber.fr\/pays-de-la-loire\/devenez-partenaire-cybercercle-pays-de-la-loire\/","og_locale":"fr_FR","og_type":"article","og_title":"Devenez partenaire du CyberCercle Pays de la Loire","og_description":"Devenir partenaire du CyberCercle Pays de la Loire pour rejoindre un cadre de confiance et d'expertise unique sur la cyber","og_url":"https:\/\/tdfcyber.fr\/pays-de-la-loire\/devenez-partenaire-cybercercle-pays-de-la-loire\/","og_site_name":"CyberCercle Pays de la Loire","article_modified_time":"2026-03-13T10:19:54+00:00","twitter_card":"summary_large_image","twitter_misc":{"Dur\u00e9e de lecture estim\u00e9e":"3 minutes"},"schema":{"@context":"https:\/\/schema.org","@graph":[{"@type":"WebPage","@id":"https:\/\/tdfcyber.fr\/pays-de-la-loire\/devenez-partenaire-cybercercle-pays-de-la-loire\/","url":"https:\/\/tdfcyber.fr\/pays-de-la-loire\/devenez-partenaire-cybercercle-pays-de-la-loire\/","name":"Devenez partenaire du CyberCercle Pays de la Loire","isPartOf":{"@id":"https:\/\/tdfcyber.fr\/pays-de-la-loire\/#website"},"datePublished":"2026-01-16T15:58:51+00:00","dateModified":"2026-03-13T10:19:54+00:00","description":"Devenir partenaire du CyberCercle Pays de la Loire pour rejoindre un cadre de confiance et d'expertise unique sur la cyber","breadcrumb":{"@id":"https:\/\/tdfcyber.fr\/pays-de-la-loire\/devenez-partenaire-cybercercle-pays-de-la-loire\/#breadcrumb"},"inLanguage":"fr-FR","potentialAction":[{"@type":"ReadAction","target":["https:\/\/tdfcyber.fr\/pays-de-la-loire\/devenez-partenaire-cybercercle-pays-de-la-loire\/"]}]},{"@type":"BreadcrumbList","@id":"https:\/\/tdfcyber.fr\/pays-de-la-loire\/devenez-partenaire-cybercercle-pays-de-la-loire\/#breadcrumb","itemListElement":[{"@type":"ListItem","position":1,"name":"Accueil","item":"https:\/\/tdfcyber.fr\/pays-de-la-loire\/"},{"@type":"ListItem","position":2,"name":"Devenez partenaire"}]},{"@type":"WebSite","@id":"https:\/\/tdfcyber.fr\/pays-de-la-loire\/#website","url":"https:\/\/tdfcyber.fr\/pays-de-la-loire\/","name":"CyberCercle Pays de la Loire","description":"CyberCercle Pays de la Loire","potentialAction":[{"@type":"SearchAction","target":{"@type":"EntryPoint","urlTemplate":"https:\/\/tdfcyber.fr\/pays-de-la-loire\/?s={search_term_string}"},"query-input":{"@type":"PropertyValueSpecification","valueRequired":true,"valueName":"search_term_string"}}],"inLanguage":"fr-FR"}]}},"_links":{"self":[{"href":"https:\/\/tdfcyber.fr\/pays-de-la-loire\/wp-json\/wp\/v2\/pages\/3964","targetHints":{"allow":["GET"]}}],"collection":[{"href":"https:\/\/tdfcyber.fr\/pays-de-la-loire\/wp-json\/wp\/v2\/pages"}],"about":[{"href":"https:\/\/tdfcyber.fr\/pays-de-la-loire\/wp-json\/wp\/v2\/types\/page"}],"author":[{"embeddable":true,"href":"https:\/\/tdfcyber.fr\/pays-de-la-loire\/wp-json\/wp\/v2\/users\/2"}],"replies":[{"embeddable":true,"href":"https:\/\/tdfcyber.fr\/pays-de-la-loire\/wp-json\/wp\/v2\/comments?post=3964"}],"version-history":[{"count":2,"href":"https:\/\/tdfcyber.fr\/pays-de-la-loire\/wp-json\/wp\/v2\/pages\/3964\/revisions"}],"predecessor-version":[{"id":3984,"href":"https:\/\/tdfcyber.fr\/pays-de-la-loire\/wp-json\/wp\/v2\/pages\/3964\/revisions\/3984"}],"wp:attachment":[{"href":"https:\/\/tdfcyber.fr\/pays-de-la-loire\/wp-json\/wp\/v2\/media?parent=3964"}],"curies":[{"name":"wp","href":"https:\/\/api.w.org\/{rel}","templated":true}]}}