{"id":3146,"date":"2023-02-15T07:02:40","date_gmt":"2023-02-15T06:02:40","guid":{"rendered":"https:\/\/tdfcyber.fr\/nouvelle-aquitaine\/?page_id=3146"},"modified":"2023-03-13T17:50:51","modified_gmt":"2023-03-13T16:50:51","slug":"les-matinales-archives","status":"publish","type":"page","link":"https:\/\/tdfcyber.fr\/nouvelle-aquitaine\/les-matinales-archives\/","title":{"rendered":"Les Matinales avant 2022"},"content":{"rendered":"<p><div class=\"fusion-fullwidth fullwidth-box fusion-builder-row-1 fusion-flex-container has-pattern-background has-mask-background nonhundred-percent-fullwidth non-hundred-percent-height-scrolling\" style=\"--awb-border-radius-top-left:0px;--awb-border-radius-top-right:0px;--awb-border-radius-bottom-right:0px;--awb-border-radius-bottom-left:0px;--awb-padding-top:30px;--awb-margin-top:1px;--awb-background-color:var(--awb-custom11);--awb-flex-wrap:wrap;\" ><div class=\"fusion-builder-row fusion-row fusion-flex-align-items-flex-start fusion-flex-content-wrap\" style=\"max-width:1248px;margin-left: calc(-4% \/ 2 );margin-right: calc(-4% \/ 2 );\"><div class=\"fusion-layout-column fusion_builder_column fusion-builder-column-0 fusion_builder_column_1_1 1_1 fusion-flex-column\" style=\"--awb-bg-size:cover;--awb-width-large:100%;--awb-margin-top-large:0px;--awb-spacing-right-large:1.92%;--awb-margin-bottom-large:20px;--awb-spacing-left-large:1.92%;--awb-width-medium:100%;--awb-order-medium:0;--awb-spacing-right-medium:1.92%;--awb-spacing-left-medium:1.92%;--awb-width-small:100%;--awb-order-small:0;--awb-spacing-right-small:1.92%;--awb-spacing-left-small:1.92%;\"><div class=\"fusion-column-wrapper fusion-column-has-shadow fusion-flex-justify-content-flex-start fusion-content-layout-column\"><\/div><\/div><\/div><\/div><div class=\"fusion-fullwidth fullwidth-box fusion-builder-row-2 fusion-flex-container has-pattern-background has-mask-background nonhundred-percent-fullwidth non-hundred-percent-height-scrolling\" style=\"--awb-border-radius-top-left:0px;--awb-border-radius-top-right:0px;--awb-border-radius-bottom-right:0px;--awb-border-radius-bottom-left:0px;--awb-padding-top:30px;--awb-flex-wrap:wrap;\" ><div class=\"fusion-builder-row fusion-row fusion-flex-align-items-stretch fusion-flex-justify-content-center fusion-flex-content-wrap\" style=\"max-width:1248px;margin-left: calc(-4% \/ 2 );margin-right: calc(-4% \/ 2 );\"><div class=\"fusion-layout-column fusion_builder_column fusion-builder-column-1 fusion_builder_column_1_1 1_1 fusion-flex-column\" style=\"--awb-bg-size:cover;--awb-width-large:100%;--awb-margin-top-large:0px;--awb-spacing-right-large:1.92%;--awb-margin-bottom-large:20px;--awb-spacing-left-large:1.92%;--awb-width-medium:100%;--awb-order-medium:0;--awb-spacing-right-medium:1.92%;--awb-spacing-left-medium:1.92%;--awb-width-small:100%;--awb-order-small:0;--awb-spacing-right-small:1.92%;--awb-spacing-left-small:1.92%;\"><div class=\"fusion-column-wrapper fusion-column-has-shadow fusion-flex-justify-content-flex-start fusion-content-layout-column\"><div class=\"fusion-title title fusion-title-1 fusion-title-text fusion-title-size-three\" style=\"--awb-text-color:var(--awb-color6);--awb-margin-bottom:30px;--awb-margin-top-small:10px;--awb-margin-right-small:0px;--awb-margin-bottom-small:10px;--awb-margin-left-small:0px;--awb-font-size:24px;\"><div class=\"title-sep-container title-sep-container-left fusion-no-large-visibility fusion-no-medium-visibility fusion-no-small-visibility\"><div class=\"title-sep sep-single sep-solid\" style=\"border-color:#0b3e75;\"><\/div><\/div><span class=\"awb-title-spacer fusion-no-large-visibility fusion-no-medium-visibility fusion-no-small-visibility\"><\/span><h3 class=\"fusion-title-heading title-heading-left\" style=\"margin:0;font-size:1em;\">Les Matinales 2021<\/h3><span class=\"awb-title-spacer\"><\/span><div class=\"title-sep-container title-sep-container-right\"><div class=\"title-sep sep-single sep-solid\" style=\"border-color:#0b3e75;\"><\/div><\/div><\/div><div class=\"fusion-text fusion-text-1 fusion-text-no-margin\" style=\"--awb-content-alignment:justify;--awb-margin-bottom:30px;\"><p>12 mars 2021<br \/>\n<a href=\"https:\/\/cybercercle.com\/cybercercle-nouvelle-aquitaine-2\/\" target=\"_blank\" rel=\"noopener\">\u00ab\u00a0R\u00e8glement G\u00e9n\u00e9ral sur la Protection des Donn\u00e9es \u00e0 caract\u00e8re personnel (RGPD)\u00a0\u00bb<\/a><br \/>\nLe premier rendez-vous du Cercle Nouvelle-Aquitaine sous la pr\u00e9sidence de Marie RECALDE, Adjointe au Maire de M\u00e9rignac, d\u00e9l\u00e9gu\u00e9e au d\u00e9veloppement \u00e9conomique, \u00e0 l\u2019emploi, \u00e0 l\u2019innovation, \u00e0 la formation et \u00e0 l\u2019\u00e9galit\u00e9 femmes\/hommes avec J\u00e9r\u00f4me GORIN, ing\u00e9nieur expert en technologies de l\u2019information de la CNIL, et Fran\u00e7ois COUPEZ, avocat, senior-advisor du CyberCercle.<\/p>\n<p>le 30 novembre 2021<br \/>\n<a href=\"https:\/\/cybercercle.com\/cybercercle-nouvelle-aquitaine-le-plan-de-relance-cyber\/\" target=\"_blank\" rel=\"noopener\">\u00ab\u00a0Le Plan de Relance Cyber\u00a0\u00bb<\/a><br \/>\nAvec Adrien BRESSON, Directeur de projets R\u00e9seaux et S\u00e9curit\u00e9, Direction g\u00e9n\u00e9rale des entreprises \u2013 Minist\u00e8re de l\u2019\u00e9conomie, des finances et de la relance<\/p>\n<p>7 mai 2021<br \/>\n<a href=\"https:\/\/cybercercle.com\/matinale-cybercercle-ami-cybersecuriser-les-territoires-archive\/\" target=\"_blank\" rel=\"noopener\">\u00ab\u00a0l\u2019AMI Cybers\u00e9curiser les territoires\u00a0\u00bb<\/a><br \/>\navec Fran\u00e7ois CHARBONNIER, investisseur confiance num\u00e9rique, Banque des Territoires Caisse des D\u00e9p\u00f4ts, et Adrien BRESSON, directeur de projets r\u00e9seaux et s\u00e9curit\u00e9 \u00e0 la DGE<\/p>\n<p>27 mai 2021<br \/>\n<a href=\"https:\/\/cybercercle.com\/matinale-cybercercle-strategie-nationale-de-cybersecurite\/\" target=\"_blank\" rel=\"noopener\">\u00ab le Plan de Relance Cybers\u00e9curit\u00e9 \u00bb<\/a><br \/>\navec William LECAT, coordinateur national de la strat\u00e9gie cybers\u00e9curit\u00e9, Secr\u00e9tariat G\u00e9n\u00e9ral pour l\u2019Investissement<\/p>\n<\/div><\/div><\/div><\/div><\/div><div class=\"fusion-fullwidth fullwidth-box fusion-builder-row-3 fusion-flex-container has-pattern-background has-mask-background nonhundred-percent-fullwidth non-hundred-percent-height-scrolling\" style=\"--awb-border-radius-top-left:0px;--awb-border-radius-top-right:0px;--awb-border-radius-bottom-right:0px;--awb-border-radius-bottom-left:0px;--awb-padding-top:30px;--awb-padding-bottom:10px;--awb-background-color:var(--awb-color6);--awb-flex-wrap:wrap;\" ><div class=\"fusion-builder-row fusion-row fusion-flex-align-items-center fusion-flex-justify-content-center fusion-flex-content-wrap\" style=\"max-width:1248px;margin-left: calc(-4% \/ 2 );margin-right: calc(-4% \/ 2 );\"><div class=\"fusion-layout-column fusion_builder_column fusion-builder-column-2 fusion_builder_column_1_1 1_1 fusion-flex-column\" style=\"--awb-bg-size:cover;--awb-width-large:100%;--awb-margin-top-large:0px;--awb-spacing-right-large:1.92%;--awb-margin-bottom-large:20px;--awb-spacing-left-large:1.92%;--awb-width-medium:100%;--awb-order-medium:0;--awb-spacing-right-medium:1.92%;--awb-spacing-left-medium:1.92%;--awb-width-small:100%;--awb-order-small:0;--awb-spacing-right-small:1.92%;--awb-spacing-left-small:1.92%;\"><div class=\"fusion-column-wrapper fusion-column-has-shadow fusion-flex-justify-content-flex-start fusion-content-layout-column\"><div class=\"fusion-title title fusion-title-2 fusion-sep-none fusion-title-center fusion-title-text fusion-title-size-three\" style=\"--awb-text-color:var(--awb-color1);--awb-margin-top-small:10px;--awb-margin-right-small:0px;--awb-margin-bottom-small:10px;--awb-margin-left-small:0px;--awb-font-size:20px;\"><h3 class=\"fusion-title-heading title-heading-center\" style=\"font-family:&quot;Montserrat&quot;;font-style:normal;font-weight:500;margin:0;font-size:1em;\"><p>Vous \u00eates des acteurs \u00e9conomiques, administratifs et politiques qui, en r\u00e9gion, devez ins\u00e9rer la s\u00e9curit\u00e9 num\u00e9rique dans leur champ d\u2019action et de d\u00e9veloppement ?<br \/>\nVous souhaitez vous abonner aux Matinales ou devenir partenaire du CyberCercle Nouvelle-Aquitaine ?<\/p><\/h3><\/div><div style=\"text-align:center;\"><a class=\"fusion-button button-flat fusion-button-default-size button-custom fusion-button-default button-1 fusion-button-default-span fusion-button-default-type\" style=\"--button_accent_color:var(--awb-color6);--button_accent_hover_color:var(--awb-custom11);--button_border_hover_color:#ffffff;--button_gradient_top_color:var(--awb-color1);--button_gradient_bottom_color:var(--awb-color1);--button_gradient_top_color_hover:var(--awb-custom13);--button_gradient_bottom_color_hover:var(--awb-custom13);\" target=\"_blank\" rel=\"noopener noreferrer\" href=\"https:\/\/tdfcyber.fr\/nouvelle-aquitaine\/contact\/\"><span class=\"fusion-button-text awb-button__text awb-button__text--default\">Contacter-nous<\/span><\/a><\/div><\/div><\/div><\/div><\/div>\n<div class=\"fusion-fullwidth fullwidth-box fusion-builder-row-4 fusion-flex-container has-pattern-background has-mask-background fusion-parallax-none nonhundred-percent-fullwidth non-hundred-percent-height-scrolling\" style=\"--awb-background-position:left bottom;--awb-border-radius-top-left:0px;--awb-border-radius-top-right:0px;--awb-border-radius-bottom-right:0px;--awb-border-radius-bottom-left:0px;--awb-padding-top:30px;--awb-margin-bottom:0px;--awb-background-image:url(&quot;https:\/\/tdfcyber.fr\/rcybernormandie2020\/wp-content\/uploads\/sites\/5\/2020\/10\/CONNEXION-Fd-3.jpg&quot;);--awb-background-size:cover;--awb-flex-wrap:wrap;\" ><div class=\"fusion-builder-row fusion-row fusion-flex-align-items-flex-start fusion-flex-content-wrap\" style=\"max-width:1248px;margin-left: calc(-4% \/ 2 );margin-right: calc(-4% \/ 2 );\"><div class=\"fusion-layout-column fusion_builder_column fusion-builder-column-3 fusion_builder_column_1_1 1_1 fusion-flex-column\" style=\"--awb-bg-size:cover;--awb-width-large:100%;--awb-margin-top-large:0px;--awb-spacing-right-large:1.92%;--awb-margin-bottom-large:20px;--awb-spacing-left-large:1.92%;--awb-width-medium:100%;--awb-order-medium:0;--awb-spacing-right-medium:1.92%;--awb-spacing-left-medium:1.92%;--awb-width-small:100%;--awb-order-small:0;--awb-spacing-right-small:1.92%;--awb-spacing-left-small:1.92%;\"><div class=\"fusion-column-wrapper fusion-column-has-shadow fusion-flex-justify-content-flex-start fusion-content-layout-column\"><div class=\"fusion-title title fusion-title-3 fusion-title-text fusion-title-size-three\" style=\"--awb-margin-top-small:10px;--awb-margin-right-small:0px;--awb-margin-bottom-small:10px;--awb-margin-left-small:0px;--awb-font-size:20px;\"><div class=\"title-sep-container title-sep-container-left fusion-no-large-visibility fusion-no-medium-visibility fusion-no-small-visibility\"><div class=\"title-sep sep-single sep-solid\" style=\"border-color:#0b3e75;\"><\/div><\/div><span class=\"awb-title-spacer fusion-no-large-visibility fusion-no-medium-visibility fusion-no-small-visibility\"><\/span><h3 class=\"fusion-title-heading title-heading-left\" style=\"margin:0;font-size:1em;\"><span style=\"color: #333399;\">NOS PARTENAIRES<\/span><\/h3><span class=\"awb-title-spacer\"><\/span><div class=\"title-sep-container title-sep-container-right\"><div class=\"title-sep sep-single sep-solid\" style=\"border-color:#0b3e75;\"><\/div><\/div><\/div><div class=\"fusion-image-carousel fusion-image-carousel-fixed fusion-image-carousel-1\"><div class=\"awb-carousel awb-swiper awb-swiper-carousel awb-carousel--carousel awb-swiper-dots-position-bottom\" data-layout=\"carousel\" data-autoplay=\"yes\" data-autoplayspeed=\"2500\" data-autoplaypause=\"no\" data-loop=\"yes\" data-columns=\"4\" data-columnsmedium=\"1\" data-columnssmall=\"1\" data-itemmargin=\"10\" data-itemwidth=\"180\" data-touchscroll=\"no\" data-freemode=\"no\" data-imagesize=\"fixed\" data-scrollitems=\"0\" data-centeredslides=\"no\" data-rotationangle=\"50\" data-depth=\"100\" data-speed=\"500\" data-shadow=\"no\" data-pagination=\"bullets\" style=\"--awb-columns:4;--awb-column-spacing:10px;--awb-dots-align:center;\"><div class=\"swiper-wrapper awb-image-carousel-wrapper fusion-flex-align-items-center\"><div class=\"swiper-slide\"><div class=\"fusion-carousel-item-wrapper\"><div class=\"fusion-image-wrapper hover-type-zoomin\"><a href=\"https:\/\/tdfcyber.fr\/anpp\/\" target=\"_blank\" rel=\"noopener noreferrer\"><img decoding=\"async\" width=\"250\" height=\"100\" src=\"https:\/\/tdfcyber.fr\/nouvelle-aquitaine\/wp-content\/uploads\/sites\/17\/2022\/07\/ANPP-Logo.jpg\" class=\"attachment-blog-medium size-blog-medium\" alt=\"ANPP\" srcset=\"https:\/\/tdfcyber.fr\/nouvelle-aquitaine\/wp-content\/uploads\/sites\/17\/2022\/07\/ANPP-Logo-200x80.jpg 200w, https:\/\/tdfcyber.fr\/nouvelle-aquitaine\/wp-content\/uploads\/sites\/17\/2022\/07\/ANPP-Logo.jpg 250w\" sizes=\"(min-width: 2200px) 100vw, (min-width: 851px) 293px, (min-width: 781px) 390px, (min-width: 710px) 585px, (min-width: 640px) 710px, \" \/><\/a><\/div><\/div><\/div><div class=\"swiper-slide\"><div class=\"fusion-carousel-item-wrapper\"><div class=\"fusion-image-wrapper hover-type-zoomin\"><a href=\"https:\/\/tdfcyber.fr\/hucency\/\" target=\"_blank\" rel=\"noopener noreferrer\"><img decoding=\"async\" width=\"250\" height=\"91\" src=\"https:\/\/tdfcyber.fr\/nouvelle-aquitaine\/wp-content\/uploads\/sites\/17\/2025\/09\/HUCENCY_250_100.jpg\" class=\"attachment-blog-medium size-blog-medium\" alt=\"Hucency\" srcset=\"https:\/\/tdfcyber.fr\/nouvelle-aquitaine\/wp-content\/uploads\/sites\/17\/2025\/09\/HUCENCY_250_100-200x73.jpg 200w, https:\/\/tdfcyber.fr\/nouvelle-aquitaine\/wp-content\/uploads\/sites\/17\/2025\/09\/HUCENCY_250_100.jpg 250w\" sizes=\"(min-width: 2200px) 100vw, (min-width: 851px) 293px, (min-width: 781px) 390px, (min-width: 710px) 585px, (min-width: 640px) 710px, \" \/><\/a><\/div><\/div><\/div><div class=\"swiper-slide\"><div class=\"fusion-carousel-item-wrapper\"><div class=\"fusion-image-wrapper hover-type-zoomin\"><a href=\"https:\/\/tdfcyber.fr\/certitude-numerique\/\" target=\"_blank\" rel=\"noopener noreferrer\"><img decoding=\"async\" width=\"250\" height=\"100\" src=\"https:\/\/tdfcyber.fr\/nouvelle-aquitaine\/wp-content\/uploads\/sites\/17\/2020\/10\/CERTITUDE-NUMERIQUE.jpg\" class=\"attachment-blog-medium size-blog-medium\" alt=\"CERTITUDE NUMERIQUE\" srcset=\"https:\/\/tdfcyber.fr\/nouvelle-aquitaine\/wp-content\/uploads\/sites\/17\/2020\/10\/CERTITUDE-NUMERIQUE-200x80.jpg 200w, https:\/\/tdfcyber.fr\/nouvelle-aquitaine\/wp-content\/uploads\/sites\/17\/2020\/10\/CERTITUDE-NUMERIQUE.jpg 250w\" sizes=\"(min-width: 2200px) 100vw, (min-width: 851px) 293px, (min-width: 781px) 390px, (min-width: 710px) 585px, (min-width: 640px) 710px, \" \/><\/a><\/div><\/div><\/div><div class=\"swiper-slide\"><div class=\"fusion-carousel-item-wrapper\"><div class=\"fusion-image-wrapper hover-type-zoomin\"><a href=\"https:\/\/tdfcyber.fr\/groupe-la-poste\/\" target=\"_blank\" rel=\"noopener noreferrer\"><img decoding=\"async\" width=\"250\" height=\"100\" src=\"https:\/\/tdfcyber.fr\/nouvelle-aquitaine\/wp-content\/uploads\/sites\/17\/2021\/09\/LE-GROUPE-LA-POSTE.gif\" class=\"attachment-blog-medium size-blog-medium\" alt=\"Le Groupe la Poste\" \/><\/a><\/div><\/div><\/div><div class=\"swiper-slide\"><div class=\"fusion-carousel-item-wrapper\"><div class=\"fusion-image-wrapper hover-type-zoomin\"><a href=\"https:\/\/tdfcyber.fr\/bluefiles\/\" target=\"_blank\" rel=\"noopener noreferrer\"><img decoding=\"async\" width=\"250\" height=\"100\" src=\"https:\/\/tdfcyber.fr\/nouvelle-aquitaine\/wp-content\/uploads\/sites\/17\/2023\/02\/Logo_BlueFiles.png\" class=\"attachment-blog-medium size-blog-medium\" alt=\"BlueFiles\" srcset=\"https:\/\/tdfcyber.fr\/nouvelle-aquitaine\/wp-content\/uploads\/sites\/17\/2023\/02\/Logo_BlueFiles-200x80.png 200w, https:\/\/tdfcyber.fr\/nouvelle-aquitaine\/wp-content\/uploads\/sites\/17\/2023\/02\/Logo_BlueFiles.png 250w\" sizes=\"(min-width: 2200px) 100vw, (min-width: 851px) 293px, (min-width: 781px) 390px, (min-width: 710px) 585px, (min-width: 640px) 710px, \" \/><\/a><\/div><\/div><\/div><div class=\"swiper-slide\"><div class=\"fusion-carousel-item-wrapper\"><div class=\"fusion-image-wrapper hover-type-zoomin\"><a href=\"https:\/\/tdfcyber.fr\/enedis\/\" target=\"_blank\" rel=\"noopener noreferrer\"><img decoding=\"async\" width=\"250\" height=\"100\" src=\"https:\/\/tdfcyber.fr\/nouvelle-aquitaine\/wp-content\/uploads\/sites\/17\/2023\/09\/Logo_Enedis.png\" class=\"attachment-blog-medium size-blog-medium\" alt=\"Enedis\" srcset=\"https:\/\/tdfcyber.fr\/nouvelle-aquitaine\/wp-content\/uploads\/sites\/17\/2023\/09\/Logo_Enedis-200x80.png 200w, https:\/\/tdfcyber.fr\/nouvelle-aquitaine\/wp-content\/uploads\/sites\/17\/2023\/09\/Logo_Enedis.png 250w\" sizes=\"(min-width: 2200px) 100vw, (min-width: 851px) 293px, (min-width: 781px) 390px, (min-width: 710px) 585px, (min-width: 640px) 710px, \" \/><\/a><\/div><\/div><\/div><\/div><div class=\"awb-swiper-button awb-swiper-button-prev\"><i class=\"awb-icon-angle-left\" aria-hidden=\"true\"><\/i><\/div><div class=\"awb-swiper-button awb-swiper-button-next\"><i class=\"awb-icon-angle-right\" aria-hidden=\"true\"><\/i><\/div><\/div><\/div><\/div><\/div><\/div><\/div>\n<\/p>\n","protected":false},"excerpt":{"rendered":"","protected":false},"author":1,"featured_media":0,"parent":0,"menu_order":0,"comment_status":"closed","ping_status":"closed","template":"100-width.php","meta":{"footnotes":""},"class_list":["post-3146","page","type-page","status-publish","hentry"],"yoast_head":"<!-- This site is optimized with the Yoast SEO plugin v27.4 - https:\/\/yoast.com\/product\/yoast-seo-wordpress\/ -->\n<title>Archives des Matinales du CyberCercle Nouvelle-Aquitaine<\/title>\n<meta name=\"description\" content=\"Retrouvez les archives des Matinales du CyberCercle Nouvelle-Aquitaine sur la s\u00e9curit\u00e9 et la confiance num\u00e9riques.\" \/>\n<meta name=\"robots\" content=\"index, follow, max-snippet:-1, max-image-preview:large, max-video-preview:-1\" \/>\n<link rel=\"canonical\" href=\"https:\/\/tdfcyber.fr\/nouvelle-aquitaine\/les-matinales-archives\/\" \/>\n<meta property=\"og:locale\" content=\"fr_FR\" \/>\n<meta property=\"og:type\" content=\"article\" \/>\n<meta property=\"og:title\" content=\"Archives des Matinales du CyberCercle Nouvelle-Aquitaine\" \/>\n<meta property=\"og:description\" content=\"Retrouvez les archives des Matinales du CyberCercle Nouvelle-Aquitaine sur la s\u00e9curit\u00e9 et la confiance num\u00e9riques.\" \/>\n<meta property=\"og:url\" content=\"https:\/\/tdfcyber.fr\/nouvelle-aquitaine\/les-matinales-archives\/\" \/>\n<meta property=\"og:site_name\" content=\"CyberCercle Nouvelle-Aquitaine\" \/>\n<meta property=\"article:modified_time\" content=\"2023-03-13T16:50:51+00:00\" \/>\n<meta name=\"twitter:card\" content=\"summary_large_image\" \/>\n<meta name=\"twitter:label1\" content=\"Dur\u00e9e de lecture estim\u00e9e\" \/>\n\t<meta name=\"twitter:data1\" content=\"9 minutes\" \/>\n<script type=\"application\/ld+json\" class=\"yoast-schema-graph\">{\"@context\":\"https:\\\/\\\/schema.org\",\"@graph\":[{\"@type\":\"WebPage\",\"@id\":\"https:\\\/\\\/tdfcyber.fr\\\/nouvelle-aquitaine\\\/les-matinales-archives\\\/\",\"url\":\"https:\\\/\\\/tdfcyber.fr\\\/nouvelle-aquitaine\\\/les-matinales-archives\\\/\",\"name\":\"Archives des Matinales du CyberCercle Nouvelle-Aquitaine\",\"isPartOf\":{\"@id\":\"https:\\\/\\\/tdfcyber.fr\\\/nouvelle-aquitaine\\\/#website\"},\"datePublished\":\"2023-02-15T06:02:40+00:00\",\"dateModified\":\"2023-03-13T16:50:51+00:00\",\"description\":\"Retrouvez les archives des Matinales du CyberCercle Nouvelle-Aquitaine sur la s\u00e9curit\u00e9 et la confiance num\u00e9riques.\",\"breadcrumb\":{\"@id\":\"https:\\\/\\\/tdfcyber.fr\\\/nouvelle-aquitaine\\\/les-matinales-archives\\\/#breadcrumb\"},\"inLanguage\":\"fr-FR\",\"potentialAction\":[{\"@type\":\"ReadAction\",\"target\":[\"https:\\\/\\\/tdfcyber.fr\\\/nouvelle-aquitaine\\\/les-matinales-archives\\\/\"]}]},{\"@type\":\"BreadcrumbList\",\"@id\":\"https:\\\/\\\/tdfcyber.fr\\\/nouvelle-aquitaine\\\/les-matinales-archives\\\/#breadcrumb\",\"itemListElement\":[{\"@type\":\"ListItem\",\"position\":1,\"name\":\"Accueil\",\"item\":\"https:\\\/\\\/tdfcyber.fr\\\/nouvelle-aquitaine\\\/\"},{\"@type\":\"ListItem\",\"position\":2,\"name\":\"Les Matinales avant 2022\"}]},{\"@type\":\"WebSite\",\"@id\":\"https:\\\/\\\/tdfcyber.fr\\\/nouvelle-aquitaine\\\/#website\",\"url\":\"https:\\\/\\\/tdfcyber.fr\\\/nouvelle-aquitaine\\\/\",\"name\":\"CyberCercle Nouvelle-Aquitaine\",\"description\":\"CyberCercle Nouvelle-Aquitaine\",\"potentialAction\":[{\"@type\":\"SearchAction\",\"target\":{\"@type\":\"EntryPoint\",\"urlTemplate\":\"https:\\\/\\\/tdfcyber.fr\\\/nouvelle-aquitaine\\\/?s={search_term_string}\"},\"query-input\":{\"@type\":\"PropertyValueSpecification\",\"valueRequired\":true,\"valueName\":\"search_term_string\"}}],\"inLanguage\":\"fr-FR\"}]}<\/script>\n<!-- \/ Yoast SEO plugin. -->","yoast_head_json":{"title":"Archives des Matinales du CyberCercle Nouvelle-Aquitaine","description":"Retrouvez les archives des Matinales du CyberCercle Nouvelle-Aquitaine sur la s\u00e9curit\u00e9 et la confiance num\u00e9riques.","robots":{"index":"index","follow":"follow","max-snippet":"max-snippet:-1","max-image-preview":"max-image-preview:large","max-video-preview":"max-video-preview:-1"},"canonical":"https:\/\/tdfcyber.fr\/nouvelle-aquitaine\/les-matinales-archives\/","og_locale":"fr_FR","og_type":"article","og_title":"Archives des Matinales du CyberCercle Nouvelle-Aquitaine","og_description":"Retrouvez les archives des Matinales du CyberCercle Nouvelle-Aquitaine sur la s\u00e9curit\u00e9 et la confiance num\u00e9riques.","og_url":"https:\/\/tdfcyber.fr\/nouvelle-aquitaine\/les-matinales-archives\/","og_site_name":"CyberCercle Nouvelle-Aquitaine","article_modified_time":"2023-03-13T16:50:51+00:00","twitter_card":"summary_large_image","twitter_misc":{"Dur\u00e9e de lecture estim\u00e9e":"9 minutes"},"schema":{"@context":"https:\/\/schema.org","@graph":[{"@type":"WebPage","@id":"https:\/\/tdfcyber.fr\/nouvelle-aquitaine\/les-matinales-archives\/","url":"https:\/\/tdfcyber.fr\/nouvelle-aquitaine\/les-matinales-archives\/","name":"Archives des Matinales du CyberCercle Nouvelle-Aquitaine","isPartOf":{"@id":"https:\/\/tdfcyber.fr\/nouvelle-aquitaine\/#website"},"datePublished":"2023-02-15T06:02:40+00:00","dateModified":"2023-03-13T16:50:51+00:00","description":"Retrouvez les archives des Matinales du CyberCercle Nouvelle-Aquitaine sur la s\u00e9curit\u00e9 et la confiance num\u00e9riques.","breadcrumb":{"@id":"https:\/\/tdfcyber.fr\/nouvelle-aquitaine\/les-matinales-archives\/#breadcrumb"},"inLanguage":"fr-FR","potentialAction":[{"@type":"ReadAction","target":["https:\/\/tdfcyber.fr\/nouvelle-aquitaine\/les-matinales-archives\/"]}]},{"@type":"BreadcrumbList","@id":"https:\/\/tdfcyber.fr\/nouvelle-aquitaine\/les-matinales-archives\/#breadcrumb","itemListElement":[{"@type":"ListItem","position":1,"name":"Accueil","item":"https:\/\/tdfcyber.fr\/nouvelle-aquitaine\/"},{"@type":"ListItem","position":2,"name":"Les Matinales avant 2022"}]},{"@type":"WebSite","@id":"https:\/\/tdfcyber.fr\/nouvelle-aquitaine\/#website","url":"https:\/\/tdfcyber.fr\/nouvelle-aquitaine\/","name":"CyberCercle Nouvelle-Aquitaine","description":"CyberCercle Nouvelle-Aquitaine","potentialAction":[{"@type":"SearchAction","target":{"@type":"EntryPoint","urlTemplate":"https:\/\/tdfcyber.fr\/nouvelle-aquitaine\/?s={search_term_string}"},"query-input":{"@type":"PropertyValueSpecification","valueRequired":true,"valueName":"search_term_string"}}],"inLanguage":"fr-FR"}]}},"_links":{"self":[{"href":"https:\/\/tdfcyber.fr\/nouvelle-aquitaine\/wp-json\/wp\/v2\/pages\/3146","targetHints":{"allow":["GET"]}}],"collection":[{"href":"https:\/\/tdfcyber.fr\/nouvelle-aquitaine\/wp-json\/wp\/v2\/pages"}],"about":[{"href":"https:\/\/tdfcyber.fr\/nouvelle-aquitaine\/wp-json\/wp\/v2\/types\/page"}],"author":[{"embeddable":true,"href":"https:\/\/tdfcyber.fr\/nouvelle-aquitaine\/wp-json\/wp\/v2\/users\/1"}],"replies":[{"embeddable":true,"href":"https:\/\/tdfcyber.fr\/nouvelle-aquitaine\/wp-json\/wp\/v2\/comments?post=3146"}],"version-history":[{"count":4,"href":"https:\/\/tdfcyber.fr\/nouvelle-aquitaine\/wp-json\/wp\/v2\/pages\/3146\/revisions"}],"predecessor-version":[{"id":3430,"href":"https:\/\/tdfcyber.fr\/nouvelle-aquitaine\/wp-json\/wp\/v2\/pages\/3146\/revisions\/3430"}],"wp:attachment":[{"href":"https:\/\/tdfcyber.fr\/nouvelle-aquitaine\/wp-json\/wp\/v2\/media?parent=3146"}],"curies":[{"name":"wp","href":"https:\/\/api.w.org\/{rel}","templated":true}]}}